{"id":2076,"date":"2017-08-01T16:51:17","date_gmt":"2017-08-01T14:51:17","guid":{"rendered":"http:\/\/www.sick-stiftung.org\/?page_id=2076"},"modified":"2017-11-13T17:13:35","modified_gmt":"2017-11-13T16:13:35","slug":"gisela-sick-bildungshaus","status":"publish","type":"page","link":"https:\/\/www.sick-stiftung.org\/ges\/gisela-sick-bildungshaus\/","title":{"rendered":"Gisela Sick Bildungshaus"},"content":{"rendered":"<p><div class=\"fusion-fullwidth fullwidth-box fusion-builder-row-1 nonhundred-percent-fullwidth non-hundred-percent-height-scrolling\" style=\"background-color: rgba(255,255,255,0);background-position: center center;background-repeat: no-repeat;padding-top:0px;padding-right:0px;padding-bottom:0px;padding-left:0px;margin-bottom: 0px;margin-top: 0px;border-width: 0px 0px 0px 0px;border-color:#eae9e9;border-style:solid;\" ><div class=\"fusion-builder-row fusion-row\"><div class=\"fusion-layout-column fusion_builder_column fusion-builder-column-0 fusion_builder_column_1_1 1_1 fusion-one-full fusion-column-first fusion-column-last\" style=\"margin-top:0px;margin-bottom:20px;\"><div class=\"fusion-column-wrapper fusion-flex-column-wrapper-legacy\" style=\"background-position:left top;background-repeat:no-repeat;-webkit-background-size:cover;-moz-background-size:cover;-o-background-size:cover;background-size:cover;padding: 30px 0px 20px 0px;\"><style type=\"text\/css\"><\/style><div class=\"fusion-title title fusion-title-1 fusion-sep-none fusion-title-center fusion-title-text fusion-title-size-one\" style=\"margin-top:0px;margin-bottom:31px;\"><h1 class=\"title-heading-center\" style=\"margin:0;\"><h2>Bildung, Musik und gesundes Essen<\/h2><\/h1><\/div><div class=\"fusion-sep-clear\"><\/div><div class=\"fusion-separator\" style=\"margin-left: auto;margin-right: auto;width:100%;max-width:70%;\"><div class=\"fusion-separator-border sep-single sep-solid\" style=\"border-color:#e0dede;border-top-width:1px;\"><\/div><\/div><div class=\"fusion-sep-clear\"><\/div><div class=\"fusion-sep-clear\"><\/div><div class=\"fusion-separator fusion-full-width-sep\" style=\"margin-left: auto;margin-right: auto;margin-top:3%;width:100%;\"><\/div><div class=\"fusion-sep-clear\"><\/div><div class=\"fusion-text fusion-text-1\" style=\"transform:translate3d(0,0,0);\"><p class=\"p1\">Ein Haus, das die ganzheitliche Aus- und Weiterbildung unter einem Dach vereint \u2013 daf\u00fcr steht das Gisela Sick Bildungshaus in Waldkirch. P\u00fcnktlich zum Schuljahresbeginn 2017\/2018 er\u00f6ffnete die Gisela und Erwin Sick Stiftung das moderne Multifunktionsgeb\u00e4ude, in dem eine Schulmensa, das Ausbildungszentrum der SICK AG und die St\u00e4dtische Musikschule Waldkirch untergebracht sind.<\/p>\n<p class=\"p1\">Mit diesem Projekt hat die Stiftung nicht nur die Werte und Vorstellungen der Stifterin Gisela Sick umgesetzt, sondern zudem ein Modell f\u00fcr eine zukunftsf\u00e4hige Vernetzung von Industrie und Schule geschaffen, das sowohl f\u00fcr die Schulen in Waldkirch als auch f\u00fcr die Aus- und Weiterbildung in der SICK AG vielf\u00e4ltigen Nutzen bringt. Dar\u00fcber hinaus stellt die Stiftung das angrenzende Georg-Scholz-Haus f\u00fcr das Sch\u00fclerforschungszentrum Region Freiburg zur Verf\u00fcgung. Hier haben Kinder und Jugendliche ab sieben Jahren und bis zum \u00dcbergang in den Beruf die M\u00f6glichkeit, \u00fcber den Schulunterricht hinaus zu forschen, zu experimentieren und zu entwickeln. So werden naturwissenschaftliche und technische Aufgabenstellungen spielerisch an sie herangetragen.<\/p>\n<p class=\"p1\">Mit dem Bau des Gisela Sick Bildungshauses sichert sich die Stiftung Mietertr\u00e4ge, die sie nachhaltig als F\u00f6rdergelder f\u00fcr ihr Stiftungsengagement<span class=\"Apple-converted-space\">\u00a0 <\/span>einsetzen kann. Eine besondere Unterst\u00fctzung wird auf Wunsch der Stifterin Gisela Sick der St\u00e4dtischen Musikschule zuteil. Die Stiftung stellt ihr die R\u00e4ume mietfrei zur Verf\u00fcgung.<\/p>\n<h3 class=\"p1\">Adresse: Merklinstra\u00dfe 19 in Waldkirch direkt neben dem Geschwister-Scholl-Gymnasium und dem Beruflichen Schulzentrum.<\/h3>\n<\/div><div class=\"fusion-clearfix\"><\/div><\/div><\/div><\/div><\/div><div class=\"fusion-fullwidth fullwidth-box fusion-builder-row-2 nonhundred-percent-fullwidth non-hundred-percent-height-scrolling\" style=\"background-color: #f9f9f9;background-position: center center;background-repeat: no-repeat;padding-top:0px;padding-right:0px;padding-bottom:0px;padding-left:0px;margin-bottom: 0px;margin-top: 0px;border-width: 0px 0px 0px 0px;border-color:#eae9e9;border-style:solid;\" ><div class=\"fusion-builder-row fusion-row\"><div class=\"fusion-layout-column fusion_builder_column fusion-builder-column-1 fusion_builder_column_1_1 1_1 fusion-one-full fusion-column-first fusion-column-last\" style=\"margin-top:0px;margin-bottom:20px;\"><div class=\"fusion-column-wrapper fusion-flex-column-wrapper-legacy\" style=\"background-position:left top;background-repeat:no-repeat;-webkit-background-size:cover;-moz-background-size:cover;-o-background-size:cover;background-size:cover;padding: 0px 0px 0px 0px;\"><div class=\"fusion-sep-clear\"><\/div><div class=\"fusion-separator fusion-full-width-sep\" style=\"margin-left: auto;margin-right: auto;margin-top:3%;width:100%;\"><\/div><div class=\"fusion-sep-clear\"><\/div><style type=\"text\/css\"><\/style><div class=\"fusion-title title fusion-title-2 fusion-sep-none fusion-title-center fusion-title-text fusion-title-size-two\" style=\"margin-top:0px;margin-bottom:31px;\"><h2 class=\"title-heading-center\" style=\"margin:0;\"><h2>Schulmensa<\/h2><\/h2><\/div><div class=\"fusion-sep-clear\"><\/div><div class=\"fusion-separator\" style=\"margin-left: auto;margin-right: auto;width:100%;max-width:70%;\"><div class=\"fusion-separator-border sep-single sep-solid\" style=\"border-color:#e0dede;border-top-width:1px;\"><\/div><\/div><div class=\"fusion-sep-clear\"><\/div><div class=\"fusion-sep-clear\"><\/div><div class=\"fusion-separator fusion-full-width-sep\" style=\"margin-left: auto;margin-right: auto;margin-top:3%;width:100%;\"><\/div><div class=\"fusion-sep-clear\"><\/div><span class=\" fusion-imageframe imageframe-none imageframe-1 hover-type-none\"><img width=\"1200\" height=\"600\" title=\"mensa_klein\" src=\"https:\/\/www.sick-stiftung.org\/ges\/wp-content\/uploads\/2017\/08\/mensa_klein.jpg\" class=\"img-responsive wp-image-2400\" srcset=\"https:\/\/www.sick-stiftung.org\/ges\/wp-content\/uploads\/2017\/08\/mensa_klein-200x100.jpg 200w, https:\/\/www.sick-stiftung.org\/ges\/wp-content\/uploads\/2017\/08\/mensa_klein-400x200.jpg 400w, https:\/\/www.sick-stiftung.org\/ges\/wp-content\/uploads\/2017\/08\/mensa_klein-600x300.jpg 600w, https:\/\/www.sick-stiftung.org\/ges\/wp-content\/uploads\/2017\/08\/mensa_klein-800x400.jpg 800w, https:\/\/www.sick-stiftung.org\/ges\/wp-content\/uploads\/2017\/08\/mensa_klein.jpg 1200w\" sizes=\"(max-width: 800px) 100vw, 1200px\" \/><\/span><div class=\"fusion-sep-clear\"><\/div><div class=\"fusion-separator fusion-full-width-sep\" style=\"margin-left: auto;margin-right: auto;margin-top:3%;width:100%;\"><\/div><div class=\"fusion-sep-clear\"><\/div><div class=\"fusion-text fusion-text-2\" style=\"transform:translate3d(0,0,0);\"><p class=\"p1\">Neben Bildung und Musik spielt die gesunde Ern\u00e4hrung der Sch\u00fclerinnen und Sch\u00fcler eine gro\u00dfe Rolle im neuen Bildungshaus. Die moderne Schulmensa im Erdgeschoss wird von der SICK AG in Kooperation mit der Stadt Waldkirch und dem Landkreis Emmendingen betrieben.<\/p>\n<p class=\"p1\">Sie verf\u00fcgt \u00fcber 260 Sitzpl\u00e4tze und eine Frischk\u00fcche, in der die Firma Dussmann t\u00e4glich bis zu 600 Essen zubereitet. Im Mittelpunkt des Angebotes steht eine ausgewogene und gesunde Ern\u00e4hrung. T\u00e4glich gibt es drei Men\u00fcs zur Auswahl sowie alternativ Salatteller, frisches Obst und ausgew\u00e4hlte Snackangebote. Im angrenzenden Sch\u00fclercaf\u00e9 stehen au\u00dferhalb der Mensa\u00f6ffnungszeiten kleine St\u00e4rkungen zur Verf\u00fcgung.<\/p>\n<p class=\"p1\">Das Angebot richtet sich an die Sch\u00fclerinnen und Sch\u00fcler des Geschwister-Scholl-Gymnasiums, des Beruflichen Schulzentrums Waldkirch und der Kastelbergschule (ab Klassenstufe 5).<\/p>\n<h3 class=\"p1\">Informationen zur Schulmensa unter: <a href=\"http:\/\/mensa-bildungshaus.l-e-o.eu\" target=\"_blank\" rel=\"noopener noreferrer\">http:\/\/mensa-bildungshaus.l-e-o.eu<\/a><\/h3>\n<\/div><div class=\"fusion-sep-clear\"><\/div><div class=\"fusion-separator fusion-full-width-sep\" style=\"margin-left: auto;margin-right: auto;margin-top:2%;width:100%;\"><\/div><div class=\"fusion-sep-clear\"><\/div><div class=\"fusion-clearfix\"><\/div><\/div><\/div><\/div><\/div><div class=\"fusion-fullwidth fullwidth-box fusion-builder-row-3 nonhundred-percent-fullwidth non-hundred-percent-height-scrolling\" style=\"background-color: rgba(255,255,255,0);background-position: center center;background-repeat: no-repeat;padding-top:0px;padding-right:0px;padding-bottom:0px;padding-left:0px;margin-bottom: 0px;margin-top: 0px;border-width: 0px 0px 0px 0px;border-color:#eae9e9;border-style:solid;\" ><div class=\"fusion-builder-row fusion-row\"><div class=\"fusion-layout-column fusion_builder_column fusion-builder-column-2 fusion_builder_column_1_1 1_1 fusion-one-full fusion-column-first fusion-column-last\" style=\"margin-top:0px;margin-bottom:20px;\"><div class=\"fusion-column-wrapper fusion-flex-column-wrapper-legacy\" style=\"background-position:left top;background-repeat:no-repeat;-webkit-background-size:cover;-moz-background-size:cover;-o-background-size:cover;background-size:cover;padding: 0px 0px 0px 0px;\"><div class=\"fusion-sep-clear\"><\/div><div class=\"fusion-separator fusion-full-width-sep\" style=\"margin-left: auto;margin-right: auto;margin-top:3%;width:100%;\"><\/div><div class=\"fusion-sep-clear\"><\/div><style type=\"text\/css\"><\/style><div class=\"fusion-title title fusion-title-3 fusion-sep-none fusion-title-center fusion-title-text fusion-title-size-two\" style=\"margin-top:0px;margin-bottom:31px;\"><h2 class=\"title-heading-center\" style=\"margin:0;\"><h2>Ausbildungszentrum<b> der SICK AG<\/b><\/h2><\/h2><\/div><div class=\"fusion-sep-clear\"><\/div><div class=\"fusion-separator\" style=\"margin-left: auto;margin-right: auto;width:100%;max-width:70%;\"><div class=\"fusion-separator-border sep-single sep-solid\" style=\"border-color:#e0dede;border-top-width:1px;\"><\/div><\/div><div class=\"fusion-sep-clear\"><\/div><div class=\"fusion-sep-clear\"><\/div><div class=\"fusion-separator fusion-full-width-sep\" style=\"margin-left: auto;margin-right: auto;margin-top:3%;width:100%;\"><\/div><div class=\"fusion-sep-clear\"><\/div><span class=\" fusion-imageframe imageframe-none imageframe-2 hover-type-none\"><img width=\"1200\" height=\"600\" title=\"ausbildung-klein\" src=\"https:\/\/www.sick-stiftung.org\/ges\/wp-content\/uploads\/2017\/08\/ausbildung-klein.jpg\" class=\"img-responsive wp-image-2398\" srcset=\"https:\/\/www.sick-stiftung.org\/ges\/wp-content\/uploads\/2017\/08\/ausbildung-klein-200x100.jpg 200w, https:\/\/www.sick-stiftung.org\/ges\/wp-content\/uploads\/2017\/08\/ausbildung-klein-400x200.jpg 400w, https:\/\/www.sick-stiftung.org\/ges\/wp-content\/uploads\/2017\/08\/ausbildung-klein-600x300.jpg 600w, https:\/\/www.sick-stiftung.org\/ges\/wp-content\/uploads\/2017\/08\/ausbildung-klein-800x400.jpg 800w, https:\/\/www.sick-stiftung.org\/ges\/wp-content\/uploads\/2017\/08\/ausbildung-klein.jpg 1200w\" sizes=\"(max-width: 800px) 100vw, 1200px\" \/><\/span><div class=\"fusion-sep-clear\"><\/div><div class=\"fusion-separator fusion-full-width-sep\" style=\"margin-left: auto;margin-right: auto;margin-top:3%;width:100%;\"><\/div><div class=\"fusion-sep-clear\"><\/div><div class=\"fusion-text fusion-text-3\" style=\"transform:translate3d(0,0,0);\"><p>Im ersten Obergeschoss dreht sich auf rund 1.300 Quadratmetern alles rund um die Aus- und Weiterbildung der 210 Auszubildenden sowie der Dualen Hochschule Baden-W\u00fcrttemberg (DHBW) der SICK AG. T\u00e4glich werden rund 45 Nachwuchskr\u00e4fte im Bildungshaus und sieben Ausbilder vor Ort sein. Das Ausbildungsspektrum umfasst die Bereiche Mechanik, Mechatronik, Elektronik und IT sowie kaufm\u00e4nnische Berufe und technisches Produktdesign. Dar\u00fcber hinaus bietet die SICK AG in Verbindung mit der DHBW technische und kaufm\u00e4nnische Studieng\u00e4nge an.<\/p>\n<p>Die hoch technologisierten Seminarr\u00e4ume und Werkst\u00e4tten bieten alle M\u00f6glichkeiten f\u00fcr eine Ausbildung von angehenden Facharbeitern und Ingenieuren nach neuesten Methoden und Standards. Das Ausbildungszentrum verf\u00fcgt \u00fcber Schulungsr\u00e4ume, Besprechungszimmer und B\u00fcroarbeitspl\u00e4tze, Werkstatt-, Labor- und Maschinenarbeitspl\u00e4tze. Die Schulungsr\u00e4ume sind kombinierbar und f\u00fcr unterschiedliche Anforderungen nutzbar. Im Mechanik-Bereich sind verschiedene Dreh- und Fr\u00e4smaschinen installiert. Die B\u00fcror\u00e4ume sind nach dem Open-Space-Konzept gestaltet, so dass die Mitarbeiter flexibel arbeiten k\u00f6nnen. F\u00fcr das kreative Arbeiten k\u00f6nnen sie sich in die \u201eKreative Lounge\u201c zur\u00fcckziehen und ihren Gedanken in einer besonderen Atmosph\u00e4re freien Lauf lassen.<\/p>\n<\/div><div class=\"fusion-sep-clear\"><\/div><div class=\"fusion-separator fusion-full-width-sep\" style=\"margin-left: auto;margin-right: auto;margin-top:2%;width:100%;\"><\/div><div class=\"fusion-sep-clear\"><\/div><div class=\"fusion-clearfix\"><\/div><\/div><\/div><\/div><\/div><div class=\"fusion-fullwidth fullwidth-box fusion-builder-row-4 nonhundred-percent-fullwidth non-hundred-percent-height-scrolling\" style=\"background-color: #f9f9f9;background-position: center center;background-repeat: no-repeat;padding-top:0px;padding-right:0px;padding-bottom:0px;padding-left:0px;margin-bottom: 0px;margin-top: 0px;border-width: 0px 0px 0px 0px;border-color:#eae9e9;border-style:solid;\" ><div class=\"fusion-builder-row fusion-row\"><div class=\"fusion-layout-column fusion_builder_column fusion-builder-column-3 fusion_builder_column_1_1 1_1 fusion-one-full fusion-column-first fusion-column-last\" style=\"margin-top:0px;margin-bottom:20px;\"><div class=\"fusion-column-wrapper fusion-flex-column-wrapper-legacy\" style=\"background-position:left top;background-repeat:no-repeat;-webkit-background-size:cover;-moz-background-size:cover;-o-background-size:cover;background-size:cover;padding: 0px 0px 0px 0px;\"><div class=\"fusion-sep-clear\"><\/div><div class=\"fusion-separator fusion-full-width-sep\" style=\"margin-left: auto;margin-right: auto;margin-top:3%;width:100%;\"><\/div><div class=\"fusion-sep-clear\"><\/div><style type=\"text\/css\"><\/style><div class=\"fusion-title title fusion-title-4 fusion-sep-none fusion-title-center fusion-title-text fusion-title-size-two\" style=\"margin-top:0px;margin-bottom:31px;\"><h2 class=\"title-heading-center\" style=\"margin:0;\"><h2>St\u00e4dtische Musikschule Waldkirch<\/h2><\/h2><\/div><div class=\"fusion-sep-clear\"><\/div><div class=\"fusion-separator\" style=\"margin-left: auto;margin-right: auto;width:100%;max-width:70%;\"><div class=\"fusion-separator-border sep-single sep-solid\" style=\"border-color:#e0dede;border-top-width:1px;\"><\/div><\/div><div class=\"fusion-sep-clear\"><\/div><div class=\"fusion-sep-clear\"><\/div><div class=\"fusion-separator fusion-full-width-sep\" style=\"margin-left: auto;margin-right: auto;margin-top:3%;width:100%;\"><\/div><div class=\"fusion-sep-clear\"><\/div><span class=\" fusion-imageframe imageframe-none imageframe-3 hover-type-none\"><img width=\"1200\" height=\"600\" title=\"musikschule-klein\" src=\"https:\/\/www.sick-stiftung.org\/ges\/wp-content\/uploads\/2017\/08\/musikschule-klein.jpg\" class=\"img-responsive wp-image-2399\" srcset=\"https:\/\/www.sick-stiftung.org\/ges\/wp-content\/uploads\/2017\/08\/musikschule-klein-200x100.jpg 200w, https:\/\/www.sick-stiftung.org\/ges\/wp-content\/uploads\/2017\/08\/musikschule-klein-400x200.jpg 400w, https:\/\/www.sick-stiftung.org\/ges\/wp-content\/uploads\/2017\/08\/musikschule-klein-600x300.jpg 600w, https:\/\/www.sick-stiftung.org\/ges\/wp-content\/uploads\/2017\/08\/musikschule-klein-800x400.jpg 800w, https:\/\/www.sick-stiftung.org\/ges\/wp-content\/uploads\/2017\/08\/musikschule-klein.jpg 1200w\" sizes=\"(max-width: 800px) 100vw, 1200px\" \/><\/span><div class=\"fusion-sep-clear\"><\/div><div class=\"fusion-separator fusion-full-width-sep\" style=\"margin-left: auto;margin-right: auto;margin-top:3%;width:100%;\"><\/div><div class=\"fusion-sep-clear\"><\/div><div class=\"fusion-text fusion-text-4\" style=\"transform:translate3d(0,0,0);\"><p>Das zweite Obergeschoss beherbergt auf rund 1.100 Quadratmetern die St\u00e4dtische Musikschule Waldkirch. Hier lernen 725 Kinder und Jugendliche ein Instrument zu spielen und rund 20 Lehrkr\u00e4fte unterrichten. Die neuen R\u00e4umlichkeiten im Bildungshaus bieten optimale Bedingungen. Es gibt verschieden gro\u00dfe und kleine Probenr\u00e4ume und sogenannte Waben zum einzeln und kombiniert \u00fcben.F\u00fcr Kleinkinder sind ein Musikgarten und ein Raum f\u00fcr musikalische Fr\u00fcherziehung vorgesehen. Die drei Orchester- und Band-Probenr\u00e4ume k\u00f6nnen zu einem gro\u00dfen Konzertsaal verbunden werden \u2013 das Herzst\u00fcck der neuen Musikschule. Im gro\u00dfz\u00fcgig als \u201eSilent Lounge&#8220; ausgestalteten Eingangsbereich k\u00f6nnen die Musikerinnen und Musiker mit Silent-Instrumenten ohne jede L\u00e4rmbel\u00e4stigung \u00fcben, was einzigartig ist. Mit laut t\u00f6nenden Instrumenten k\u00f6nnen sie sich in speziell schallisolierte kleine und gr\u00f6\u00dfere \u00dcbungsr\u00e4ume zur\u00fcckziehen.<\/p>\n<\/div><div class=\"fusion-sep-clear\"><\/div><div class=\"fusion-separator fusion-full-width-sep\" style=\"margin-left: auto;margin-right: auto;margin-top:2%;width:100%;\"><\/div><div class=\"fusion-sep-clear\"><\/div><div class=\"fusion-clearfix\"><\/div><\/div><\/div><\/div><\/div><\/p>\n","protected":false},"excerpt":{"rendered":"","protected":false},"author":1,"featured_media":0,"parent":0,"menu_order":0,"comment_status":"closed","ping_status":"closed","template":"100-width.php","meta":[],"_links":{"self":[{"href":"https:\/\/www.sick-stiftung.org\/ges\/wp-json\/wp\/v2\/pages\/2076"}],"collection":[{"href":"https:\/\/www.sick-stiftung.org\/ges\/wp-json\/wp\/v2\/pages"}],"about":[{"href":"https:\/\/www.sick-stiftung.org\/ges\/wp-json\/wp\/v2\/types\/page"}],"author":[{"embeddable":true,"href":"https:\/\/www.sick-stiftung.org\/ges\/wp-json\/wp\/v2\/users\/1"}],"replies":[{"embeddable":true,"href":"https:\/\/www.sick-stiftung.org\/ges\/wp-json\/wp\/v2\/comments?post=2076"}],"version-history":[{"count":0,"href":"https:\/\/www.sick-stiftung.org\/ges\/wp-json\/wp\/v2\/pages\/2076\/revisions"}],"wp:attachment":[{"href":"https:\/\/www.sick-stiftung.org\/ges\/wp-json\/wp\/v2\/media?parent=2076"}],"curies":[{"name":"wp","href":"https:\/\/api.w.org\/{rel}","templated":true}]}}