{"id":999,"date":"2017-05-31T12:27:49","date_gmt":"2017-05-31T10:27:49","guid":{"rendered":"http:\/\/www.sick-stiftung.org\/?page_id=999"},"modified":"2025-09-18T09:26:43","modified_gmt":"2025-09-18T07:26:43","slug":"stiftung","status":"publish","type":"page","link":"https:\/\/www.sick-stiftung.org\/ges\/stiftung\/","title":{"rendered":"Die Stiftung"},"content":{"rendered":"<p><div id=\"portrait\"><div class=\"fusion-fullwidth fullwidth-box fusion-builder-row-1 nonhundred-percent-fullwidth non-hundred-percent-height-scrolling\" style=\"background-color: rgba(255,255,255,0);background-position: center center;background-repeat: no-repeat;padding-top:0px;padding-right:5%;padding-bottom:0px;padding-left:5%;margin-bottom: 0px;margin-top: 0px;border-width: 0px 0px 0px 0px;border-color:#eae9e9;border-style:solid;\" ><div class=\"fusion-builder-row fusion-row\"><div class=\"fusion-layout-column fusion_builder_column fusion-builder-column-0 fusion_builder_column_1_1 1_1 fusion-one-full fusion-column-first fusion-column-last\" style=\"margin-top:0px;margin-bottom:20px;\"><div class=\"fusion-column-wrapper fusion-flex-column-wrapper-legacy\" style=\"background-position:left top;background-repeat:no-repeat;-webkit-background-size:cover;-moz-background-size:cover;-o-background-size:cover;background-size:cover;padding: 0px 5% 0px 5%;\"><div class=\"fusion-sep-clear\"><\/div><div class=\"fusion-separator fusion-full-width-sep\" style=\"margin-left: auto;margin-right: auto;margin-top:3%;width:100%;\"><\/div><div class=\"fusion-sep-clear\"><\/div><style type=\"text\/css\"><\/style><div class=\"fusion-title title fusion-title-1 fusion-sep-none fusion-title-center fusion-title-text fusion-title-size-one\" style=\"margin-top:0px;margin-bottom:31px;\"><h1 class=\"title-heading-center\" style=\"margin:0;\"><h2 style=\"color: #514f4d; text-align: center;\">Stiftungsportr\u00e4t<\/h2><\/h1><\/div><div class=\"fusion-sep-clear\"><\/div><div class=\"fusion-separator\" style=\"margin-left: auto;margin-right: auto;margin-bottom:3%;width:100%;max-width:70%;\"><div class=\"fusion-separator-border sep-single sep-solid\" style=\"border-color:#f4f4f4;border-top-width:1px;\"><\/div><\/div><div class=\"fusion-sep-clear\"><\/div><div class=\"fusion-text fusion-text-1\" style=\"transform:translate3d(0,0,0);\"><p>Die Gisela und Erwin Sick Stiftung wurde im Jahr 2002 von Gisela Sick, der Witwe von Dr.-Ing. e. h. Erwin Sick, dem Gr\u00fcnder der SICK AG, ins Leben gerufen. <span class=\"s1\">Seit 2008 ist die Stiftung eine rechtsf\u00e4hige, gemeinn\u00fctzige Stiftung des b\u00fcrgerlichen Rechts mit Sitz in Waldkirch. <\/span>Zeit ihres Lebens widmet sich die Stifterin einer umfassenden Bildung von jungen Menschen, die weit \u00fcber die Vermittlung von Fachwissen hinausgeht. So liegt ihr die pers\u00f6nlichkeitsst\u00e4rkende, kulturelle und musikalische Bildung besonders am Herzen.<\/p>\n<p>Entsprechend weit gefasst ist demnach auch das F\u00f6rderspektrum der Stiftung, das die Bereiche Jugend und Erziehung, Bildung, Berufsbildung sowie Wissenschaft und Forschung umfasst. In Anerkennung des Lebenswerkes ihres verstorbenen Mannes richtet Gisela Sick bei ihren Stiftungsaktivit\u00e4ten einen besonderen Schwerpunkt auf die Naturwissenschaften und Technik. Aufgrund der regionalen Verwurzelung des Familienunternehmens SICK engagiert sich die Stiftung insbesondere in Waldkirch und im Regierungsbezirk Freiburg. Hinzukommen ausgew\u00e4hlte \u00fcberregionale Projekte.<\/p>\n<p>Die Unterst\u00fctzung reicht von der finanziellen und materiellen F\u00f6rderung von Kinderg\u00e4rten und Schulen \u00fcber die Bezuschussung von wissenschaftlichen Arbeiten und Projekten an Universit\u00e4ten und Hochschulen, die Unterst\u00fctzung von Sch\u00fclerinnen und Sch\u00fclern, Auszubildenden und Studierenden bis hin zur Unterst\u00fctzung von Aus- und Weiterbildungsinstituten sowie Initiativen und Projekten.<\/p>\n<\/div><div class=\"fusion-sep-clear\"><\/div><div class=\"fusion-separator\" style=\"margin-left: auto;margin-right: auto;margin-top:4%;width:100%;max-width:70%;\"><\/div><div class=\"fusion-sep-clear\"><\/div><div class=\"fusion-clearfix\"><\/div><\/div><\/div><\/div><\/div><\/div><div id=\"stifter\"><div class=\"fusion-fullwidth fullwidth-box fusion-builder-row-2 nonhundred-percent-fullwidth non-hundred-percent-height-scrolling\" style=\"background-color: #f9f9f9;background-position: center center;background-repeat: no-repeat;padding-top:0px;padding-right:5%;padding-bottom:0px;padding-left:5%;margin-bottom: 0px;margin-top: 5%;border-width: 0px 0px 0px 0px;border-color:#eae9e9;border-style:solid;\" ><div class=\"fusion-builder-row fusion-row\"><div class=\"fusion-layout-column fusion_builder_column fusion-builder-column-1 fusion_builder_column_1_1 1_1 fusion-one-full fusion-column-first fusion-column-last\" style=\"margin-top:0px;margin-bottom:5%;\"><div class=\"fusion-column-wrapper fusion-flex-column-wrapper-legacy\" style=\"background-position:left top;background-repeat:no-repeat;-webkit-background-size:cover;-moz-background-size:cover;-o-background-size:cover;background-size:cover;padding: 0px 5% 0px 5%;\"><div class=\"fusion-sep-clear\"><\/div><div class=\"fusion-separator fusion-full-width-sep\" style=\"margin-left: auto;margin-right: auto;margin-top:3%;width:100%;\"><\/div><div class=\"fusion-sep-clear\"><\/div><style type=\"text\/css\"><\/style><div class=\"fusion-title title fusion-title-2 fusion-sep-none fusion-title-center fusion-title-text fusion-title-size-one\" style=\"margin-top:0px;margin-bottom:31px;\"><h1 class=\"title-heading-center\" style=\"margin:0;\"><h2 style=\"text-align: center; color: #514f4d;\">Die Stifterin<\/h2><\/h1><\/div><div class=\"fusion-sep-clear\"><\/div><div class=\"fusion-separator\" style=\"margin-left: auto;margin-right: auto;margin-bottom:2%;width:100%;max-width:70%;\"><div class=\"fusion-separator-border sep-single sep-solid\" style=\"border-color:#d8d8d8;border-top-width:1px;\"><\/div><\/div><div class=\"fusion-sep-clear\"><\/div><div class=\"fusion-clearfix\"><\/div><\/div><\/div><div class=\"fusion-layout-column fusion_builder_column fusion-builder-column-2 fusion_builder_column_1_2 1_2 fusion-one-half fusion-column-first\" style=\"width:50%;width:calc(50% - ( ( 4% ) * 0.5 ) );margin-right: 4%;margin-top:0px;margin-bottom:20px;\"><div class=\"fusion-column-wrapper fusion-flex-column-wrapper-legacy\" style=\"background-position:left top;background-repeat:no-repeat;-webkit-background-size:cover;-moz-background-size:cover;-o-background-size:cover;background-size:cover;padding: 0px 5% 0px 5%;\"><div class=\"fusion-column-content-centered\"><div class=\"fusion-column-content\"><div class=\"fusion-text fusion-text-2\" style=\"transform:translate3d(0,0,0);\"><p><a href=\"https:\/\/www.sick-stiftung.org\/ges\/wp-content\/uploads\/2017\/05\/Erwin_Sick-web-format.jpg\"><img class=\"aligncenter wp-image-1980 size-full\" src=\"https:\/\/www.sick-stiftung.org\/ges\/wp-content\/uploads\/2017\/05\/Erwin_Sick-web-format.jpg\" alt=\"\" width=\"570\" height=\"577\" srcset=\"https:\/\/www.sick-stiftung.org\/ges\/wp-content\/uploads\/2017\/05\/Erwin_Sick-web-format-66x66.jpg 66w, https:\/\/www.sick-stiftung.org\/ges\/wp-content\/uploads\/2017\/05\/Erwin_Sick-web-format-200x202.jpg 200w, https:\/\/www.sick-stiftung.org\/ges\/wp-content\/uploads\/2017\/05\/Erwin_Sick-web-format-296x300.jpg 296w, https:\/\/www.sick-stiftung.org\/ges\/wp-content\/uploads\/2017\/05\/Erwin_Sick-web-format-400x405.jpg 400w, https:\/\/www.sick-stiftung.org\/ges\/wp-content\/uploads\/2017\/05\/Erwin_Sick-web-format.jpg 570w\" sizes=\"(max-width: 570px) 100vw, 570px\" \/><\/a><\/p>\n<div class=\"fusion-sep-clear\"><\/div><div class=\"fusion-separator\" style=\"margin-left: auto;margin-right: auto;margin-top:4%;width:100%;max-width:50%;\"><div class=\"fusion-separator-border sep-single sep-solid\" style=\"border-color:#fffcfc;border-top-width:1px;\"><\/div><\/div><div class=\"fusion-sep-clear\"><\/div>\n<h3>Gisela Sick &#8211; Stifterin aus \u00dcberzeugung<\/h3>\n<p style=\"text-align: left;\">Gisela Sick hat ihren Mann Dr.-Ing. e. h. Erwin Sick beim Aufbau des Unternehmens\u00a0SICK mit Sitz in Waldkirch bei Freiburg unterst\u00fctzt und sich dabei f\u00fcr die Aus- und Weiterbildung sowie f\u00fcr das Wohl der Mitarbeiterinnen und Mitarbeiter eingesetzt. Als der Firmengr\u00fcnder im Jahr 1988 verstarb, hatte sie den Mut, als Hauptgesellschafterin das Unternehmen mit Unterst\u00fctzung von Belegschaft und Gesch\u00e4ftsf\u00fchrung weiterzuf\u00fchren. Mit Entschlossenheit und Weitblick hat die Unternehmerin, Jahrgang 1922, viele entscheidende Weichenstellungen f\u00fcr SICK m\u00f6glich gemacht.<\/p>\n<p>Anl\u00e4sslich ihres 80. Geburtstages gr\u00fcndete Gisela Sick im Jahr 2002 die Gisela und Erwin Sick Stiftung, um ihr lebenslanges Engagement f\u00fcr Bildung auf vielf\u00e4ltige Weise \u00fcber die Grenzen von SICK hinaus fortzusetzen. Besonderen Wert legt Gisela Sick hierbei auf eine umfassende Bildung, die auch die pers\u00f6nlichkeits-entwickelnde und musikalische Bildung umfasst.<\/p>\n<p>Zahlreiche Auszeichnungen w\u00fcrdigen das Engagement von Gisela Sick f\u00fcr die SICK AG sowie f\u00fcr die Bildung und F\u00f6rderung des Nachwuchses:<\/p>\n<\/p>\n<div class=\"table-2\">\n<table width=\"100%\">\n<tbody>\n<tr>\n<td align=\"left\">2002<\/td>\n<td align=\"left\">Medaille f\u00fcr besondere Verdienste um die Wirtschaft des Landes Baden-W\u00fcrttemberg<\/td>\n<\/tr>\n<tr>\n<td align=\"left\">2009<\/td>\n<td align=\"left\">Verdienstmedaille des Landes Baden-W\u00fcrttemberg<\/td>\n<\/tr>\n<tr>\n<td align=\"left\">2011<\/td>\n<td align=\"left\">Ehrenb\u00fcrgerin der Stadt Waldkirch<\/td>\n<\/tr>\n<tr>\n<td align=\"left\">2012<\/td>\n<td align=\"left\">Bundesverdienstkreuz<\/td>\n<\/tr>\n<\/tbody>\n<\/table>\n<\/div>\n<p>\n<p>Gisela Sick verstarb am 01. November 2024 im Alter von 101 Jahren. In gro\u00dfer Dankbarkeit und mit gro\u00dfem Respekt vor ihrer Lebensleistung wird die Gisela und Erwin Sick Stiftung ihre Stifterin immer in guter Erinnerung behalten.<\/p>\n<\/div><\/div><\/div><div class=\"fusion-clearfix\"><\/div><\/div><\/div><div class=\"fusion-layout-column fusion_builder_column fusion-builder-column-3 fusion_builder_column_1_2 1_2 fusion-one-half fusion-column-last\" style=\"width:50%;width:calc(50% - ( ( 4% ) * 0.5 ) );margin-top:0px;margin-bottom:20px;\"><div class=\"fusion-column-wrapper fusion-flex-column-wrapper-legacy\" style=\"background-position:left top;background-repeat:no-repeat;-webkit-background-size:cover;-moz-background-size:cover;-o-background-size:cover;background-size:cover;padding: 0px 5% 0px 5%;\"><div class=\"fusion-column-content-centered\"><div class=\"fusion-column-content\"><div class=\"fusion-text fusion-text-3\" style=\"transform:translate3d(0,0,0);\"><p><a href=\"https:\/\/www.sick-stiftung.org\/ges\/wp-content\/uploads\/2017\/05\/Erwin_Sick_web_format.jpg\"><img class=\"aligncenter wp-image-1981 size-full\" src=\"https:\/\/www.sick-stiftung.org\/ges\/wp-content\/uploads\/2017\/05\/Erwin_Sick_web_format.jpg\" alt=\"\" width=\"570\" height=\"577\" srcset=\"https:\/\/www.sick-stiftung.org\/ges\/wp-content\/uploads\/2017\/05\/Erwin_Sick_web_format-66x66.jpg 66w, https:\/\/www.sick-stiftung.org\/ges\/wp-content\/uploads\/2017\/05\/Erwin_Sick_web_format-200x202.jpg 200w, https:\/\/www.sick-stiftung.org\/ges\/wp-content\/uploads\/2017\/05\/Erwin_Sick_web_format-296x300.jpg 296w, https:\/\/www.sick-stiftung.org\/ges\/wp-content\/uploads\/2017\/05\/Erwin_Sick_web_format-400x405.jpg 400w, https:\/\/www.sick-stiftung.org\/ges\/wp-content\/uploads\/2017\/05\/Erwin_Sick_web_format.jpg 570w\" sizes=\"(max-width: 570px) 100vw, 570px\" \/><\/a><\/p>\n<div class=\"fusion-sep-clear\"><\/div><div class=\"fusion-separator\" style=\"margin-left: auto;margin-right: auto;margin-top:4%;width:100%;max-width:50%;\"><div class=\"fusion-separator-border sep-single sep-solid\" style=\"border-color:#fffcfc;border-top-width:1px;\"><\/div><\/div><div class=\"fusion-sep-clear\"><\/div>\n<h3><span class=\"person-name\">Erwin Sick &#8211; <\/span><span class=\"person-title\">Erfinder aus Leidenschaft<\/span><\/h3>\n<p>\u201eEs ist nicht genug zu wissen, man muss es auch anwenden; es ist nicht genug zu wollen, man muss es auch tun.\u201c \u2013 diese Worte von Johann Wolfgang von Goethe wurden zum Lebensmotto von Dr.-Ing. e. h. Erwin Sick (1909 \u2013 1988).<br \/>\nIm Jahr 1946 legte er mit der Gr\u00fcndung eines Ingenieurb\u00fcros in einer Baracke in Vaterstetten bei M\u00fcnchen den Grundstein f\u00fcr die SICK AG. Seine Idee war es, Optik und Elektronik f\u00fcr friedliche Zwecke zum Nutzen der Menschen zu kombinieren. Er wurde zu einem Pionier auf dem Gebiet der Opto-Elektronik. Als \u201eErfinder aus Leidenschaft\u201c, wie er sich selbst bezeichnete, wollte er \u201eGer\u00e4te mit Pfiff\u201c entwickeln, die \u201emehr als andere k\u00f6nnen\u201c. Dabei stellte er die Technik stets in den Dienst der Menschen. So brachten seine Innovationen die entlastende industrielle Automatisierung, sorgten f\u00fcr eine humanere Gestaltung von Arbeitspl\u00e4tzen und den Schutz der Umwelt.<\/p>\n<p>Aus dem gesunden Mittelbetrieb mit 80 bis 100 ausgesuchten Kr\u00e4ften, den Dr.-Ing. e. h. Erwin Sick mit seiner Ehefrau einst aufbauen wollte, ist heute die SICK AG geworden. Der weltweite Technologie- und Marktf\u00fchrer von Sensoren und Sensorl\u00f6sungen f\u00fcr industrielle Anwendungen z\u00e4hlt mit mehr als 8.000 Mitarbeitern und einem Umsatz von knapp 1,4 Mrd. Euro im Jahr 2016 zu den Global Playern. Dem Willen des Firmengr\u00fcnders folgend, entwickelt und vertreibt die SICK AG ausschlie\u00dflich Technologie f\u00fcr nichtmilit\u00e4rische Zwecke.<\/p>\n<\/div><\/div><\/div><div class=\"fusion-clearfix\"><\/div><\/div><\/div><\/div><\/div><\/div><div id=\"gremien\"><div class=\"fusion-fullwidth fullwidth-box fusion-builder-row-3 nonhundred-percent-fullwidth non-hundred-percent-height-scrolling fusion-equal-height-columns\" style=\"background-color: rgba(255,255,255,0);background-position: center center;background-repeat: no-repeat;padding-top:2%;padding-right:5%;padding-bottom:3%;padding-left:5%;margin-bottom: 0px;margin-top: 0px;border-width: 0px 0px 0px 0px;border-color:#eae9e9;border-style:solid;\" ><div class=\"fusion-builder-row fusion-row\"><div class=\"fusion-layout-column fusion_builder_column fusion-builder-column-4 fusion_builder_column_1_1 1_1 fusion-one-full fusion-column-first fusion-column-last\" style=\"margin-top:0px;margin-bottom:0px;\" id=\"gremien\"><div class=\"fusion-column-wrapper fusion-flex-column-wrapper-legacy\" style=\"background-position:left top;background-repeat:no-repeat;-webkit-background-size:cover;-moz-background-size:cover;-o-background-size:cover;background-size:cover;background-color:#ffffff;padding: 0px 0px 0px 0px;\"><style type=\"text\/css\"><\/style><div class=\"fusion-title title fusion-title-3 fusion-sep-none fusion-title-center fusion-title-text fusion-title-size-two\" style=\"margin-top:0px;margin-bottom:31px;\"><h2 class=\"title-heading-center\" style=\"margin:0;\"><h2 style=\"text-align: center; color: #514f4d;\">Gremien<\/h2><\/h2><\/div><div class=\"fusion-sep-clear\"><\/div><div class=\"fusion-separator\" style=\"margin-left: auto;margin-right: auto;margin-bottom:3%;width:100%;max-width:70%;\"><div class=\"fusion-separator-border sep-single sep-solid\" style=\"border-color:#d8d8d8;border-top-width:1px;\"><\/div><\/div><div class=\"fusion-sep-clear\"><\/div><div class=\"fusion-sep-clear\"><\/div><div class=\"fusion-separator fusion-full-width-sep\" style=\"margin-left: auto;margin-right: auto;margin-top:3%;width:100%;\"><\/div><div class=\"fusion-sep-clear\"><\/div><div class=\"fusion-content-boxes content-boxes columns row fusion-columns-2 fusion-columns-total-2 fusion-content-boxes-1 content-boxes-icon-boxed content-left\" data-animationOffset=\"100%\" style=\"margin-top:0px;margin-bottom:60px;\"><style type=\"text\/css\">.fusion-content-boxes-1 .heading .content-box-heading {color:#333333;}\n\t\t\t\t\t.fusion-content-boxes-1 .fusion-content-box-hover .link-area-link-icon-hover .heading .content-box-heading,\n\t\t\t\t\t.fusion-content-boxes-1 .fusion-content-box-hover .link-area-link-icon-hover .heading .heading-link .content-box-heading,\n\t\t\t\t\t.fusion-content-boxes-1 .fusion-content-box-hover .link-area-box-hover .heading .content-box-heading,\n\t\t\t\t\t.fusion-content-boxes-1 .fusion-content-box-hover .link-area-box-hover .heading .heading-link .content-box-heading,\n\t\t\t\t\t.fusion-content-boxes-1 .fusion-content-box-hover .link-area-link-icon-hover.link-area-box .fusion-read-more,\n\t\t\t\t\t.fusion-content-boxes-1 .fusion-content-box-hover .link-area-link-icon-hover.link-area-box .fusion-read-more::after,\n\t\t\t\t\t.fusion-content-boxes-1 .fusion-content-box-hover .link-area-link-icon-hover.link-area-box .fusion-read-more::before,\n\t\t\t\t\t.fusion-content-boxes-1 .fusion-content-box-hover .fusion-read-more:hover:after,\n\t\t\t\t\t.fusion-content-boxes-1 .fusion-content-box-hover .fusion-read-more:hover:before,\n\t\t\t\t\t.fusion-content-boxes-1 .fusion-content-box-hover .fusion-read-more:hover,\n\t\t\t\t\t.fusion-content-boxes-1 .fusion-content-box-hover .link-area-box-hover.link-area-box .fusion-read-more,\n\t\t\t\t\t.fusion-content-boxes-1 .fusion-content-box-hover .link-area-box-hover.link-area-box .fusion-read-more::after,\n\t\t\t\t\t.fusion-content-boxes-1 .fusion-content-box-hover .link-area-box-hover.link-area-box .fusion-read-more::before,\n\t\t\t\t\t.fusion-content-boxes-1 .fusion-content-box-hover .link-area-link-icon-hover .icon .circle-no,\n\t\t\t\t\t.fusion-content-boxes-1 .heading .heading-link:hover .content-box-heading {\n\t\t\t\t\t\tcolor: #44a5d8;\n\t\t\t\t\t}\n\t\t\t\t\t.fusion-content-boxes-1 .fusion-content-box-hover .link-area-box-hover .icon .circle-no {\n\t\t\t\t\t\tcolor: #44a5d8 !important;\n\t\t\t\t\t}.fusion-content-boxes-1 .fusion-content-box-hover .link-area-box.link-area-box-hover .fusion-content-box-button {background: #43a5d8;color: #ffffff;}.fusion-content-boxes-1 .fusion-content-box-hover .link-area-box.link-area-box-hover .fusion-content-box-button .fusion-button-text {color: #ffffff;}\n\t\t\t\t\t.fusion-content-boxes-1 .fusion-content-box-hover .link-area-link-icon-hover .heading .icon > span {\n\t\t\t\t\t\tbackground-color: #44a5d8 !important;\n\t\t\t\t\t}\n\t\t\t\t\t.fusion-content-boxes-1 .fusion-content-box-hover .link-area-box-hover .heading .icon > span {\n\t\t\t\t\t\tborder-color: #44a5d8 !important;\n\t\t\t\t\t}<\/style><div class=\"fusion-column content-box-column content-box-column content-box-column-1 col-lg-6 col-md-6 col-sm-6 fusion-content-box-hover content-box-column-first-in-row\"><div class=\"col content-box-wrapper content-wrapper-background content-wrapper-boxed link-area-link-icon icon-hover-animation-none\" style=\"background-color:#f7f7f7;\" data-animationOffset=\"100%\"><div class=\"heading heading-with-icon icon-left\"><div class=\"icon\"><i style=\"border-color:#333333;border-width:0px;background-color:#44a5d8;box-sizing:content-box;height:80px;width:80px;line-height:80px;top:-90px;margin-left:-40px;border-radius:50%;color:#ffffff;font-size:40px;\" aria-hidden=\"true\" class=\"fontawesome-icon fa-user fas circle-yes\"><\/i><\/div><h2 class=\"content-box-heading\" style=\"font-size:18px;line-height:23px;\">Stiftungsrat <\/h2><\/div><div class=\"fusion-clearfix\"><\/div><div class=\"content-container\" style=\"color:#747474;\">\n<p class=\"p1\" style=\"text-align: left;\"><span class=\"s1\">Renate Sick-Glaser &#8211; <\/span><span class=\"s2\">Vorsitzende des Stiftungsrates<\/span><\/p>\n<p style=\"text-align: left;\">Sebastian Glaser &#8211; Stellv. Vorsitzender des Stiftungsrates<\/p>\n<p class=\"p1\" style=\"text-align: left;\">Wolfgang Bay &#8211; Stiftungsrat<\/p>\n<\/div><\/div><\/div><div class=\"fusion-column content-box-column content-box-column content-box-column-2 col-lg-6 col-md-6 col-sm-6 fusion-content-box-hover content-box-column-last content-box-column-last-in-row\"><div class=\"col content-box-wrapper content-wrapper-background content-wrapper-boxed link-area-link-icon icon-hover-animation-none\" style=\"background-color:#f7f7f7;\" data-animationOffset=\"100%\"><div class=\"heading heading-with-icon icon-left\"><div class=\"icon\"><i style=\"border-color:#333333;border-width:0px;background-color:#44a5d8;box-sizing:content-box;height:80px;width:80px;line-height:80px;top:-90px;margin-left:-40px;border-radius:50%;color:#ffffff;font-size:40px;\" aria-hidden=\"true\" class=\"fontawesome-icon fa-user fas circle-yes\"><\/i><\/div><h2 class=\"content-box-heading\" style=\"font-size:18px;line-height:23px;\">Vorstand <\/h2><\/div><div class=\"fusion-clearfix\"><\/div><div class=\"content-container\" style=\"color:#747474;\">\n<p class=\"p1\" style=\"text-align: left;\"><span class=\"s1\">Prof. J\u00fcrgen Werner \u2013 Vorsitzender des Vorstandes<\/span><\/p>\n<p class=\"p1\" style=\"text-align: left;\">Eva Franke-Maurus &#8211; Vorst\u00e4ndin<\/p>\n<\/div><\/div><\/div><style type=\"text\/css\">\n\t\t\t\t\t\t.fusion-content-boxes-1 .fusion-content-box-hover .heading-link:hover .icon i.circle-yes,\n\t\t\t\t\t\t.fusion-content-boxes-1 .fusion-content-box-hover .link-area-box:hover .heading-link .icon i.circle-yes,\n\t\t\t\t\t\t.fusion-content-boxes-1 .fusion-content-box-hover .link-area-link-icon-hover .heading .icon i.circle-yes,\n\t\t\t\t\t\t.fusion-content-boxes-1 .fusion-content-box-hover .link-area-box-hover .heading .icon i.circle-yes {\n\t\t\t\t\t\t\tbackground-color: #44a5d8 !important;\n\t\t\t\t\t\t\tborder-color: #44a5d8 !important;\n\t\t\t\t\t\t}<\/style><div class=\"fusion-clearfix\"><\/div><\/div><div class=\"fusion-clearfix\"><\/div><\/div><\/div><\/div><\/div><\/div><div id=\"sickag\"><div class=\"fusion-fullwidth fullwidth-box fusion-builder-row-4 nonhundred-percent-fullwidth non-hundred-percent-height-scrolling\" style=\"background-color: #f9f9f9;background-position: center center;background-repeat: no-repeat;padding-top:0px;padding-right:5%;padding-bottom:0px;padding-left:5%;margin-bottom: 0px;margin-top: 0px;border-width: 0px 0px 0px 0px;border-color:#eae9e9;border-style:solid;\" ><div class=\"fusion-builder-row fusion-row\"><div class=\"fusion-layout-column fusion_builder_column fusion-builder-column-5 fusion_builder_column_1_1 1_1 fusion-one-full fusion-column-first fusion-column-last\" style=\"margin-top:2%;margin-bottom:5%;\" id=\"gremien\"><div class=\"fusion-column-wrapper fusion-flex-column-wrapper-legacy\" style=\"background-position:left top;background-repeat:no-repeat;-webkit-background-size:cover;-moz-background-size:cover;-o-background-size:cover;background-size:cover;background-color:#f9f9f9;padding: 0px 0px 0px 0px;\"><style type=\"text\/css\"><\/style><div class=\"fusion-title title fusion-title-4 fusion-sep-none fusion-title-center fusion-title-text fusion-title-size-one\" style=\"margin-top:50px;margin-bottom:31px;\"><h1 class=\"title-heading-center\" style=\"margin:0;\"><h2 style=\"text-align: center; color: #514f4d;\">\u00dcber SICK<\/h2><\/h1><\/div><div class=\"fusion-sep-clear\"><\/div><div class=\"fusion-separator\" style=\"margin-left: auto;margin-right: auto;margin-bottom:3%;width:100%;max-width:70%;\"><div class=\"fusion-separator-border sep-single sep-solid\" style=\"border-color:#d8d8d8;border-top-width:1px;\"><\/div><\/div><div class=\"fusion-sep-clear\"><\/div><div class=\"fusion-text fusion-text-4\" style=\"transform:translate3d(0,0,0);\"><p>SICK ist einer der weltweit f\u00fchrenden Hersteller von Sensoren und Sensorl\u00f6sungen f\u00fcr industrielle Anwendungen. Das 1946 von Dr.-Ing. e. h. Erwin Sick gegr\u00fcndete Unternehmen mit Stammsitz in Waldkirch im Breisgau nahe Freiburg z\u00e4hlt zu den Technologie- und Marktf\u00fchrern und ist mit mehr als 50 Tochtergesellschaften und Beteiligungen sowie zahlreichen Vertretungen rund um den Globus pr\u00e4sent. Gem\u00e4\u00df seinem Markenclaim \u201eSensor Intelligence.\u201c konzentriert sich der SICK-Konzern darauf, mit High-Tech Sensorl\u00f6sungen seinen Kunden aus diversen Zielbranchen einen Mehrwert zu verschaffen. Diese L\u00f6sungen bietet SICK in Form von Komponenten, Systemen inklusive Software oder individuelle Dienstleistungen weltweit an. Dabei unterst\u00fctzt der SICK-Konzern sowohl die Fabrikautomation als auch die Logistik- und Prozessautomation. Der Bereich Fabrikautomation repr\u00e4sentiert die Automobilindustrie, Konsumg\u00fcter, Elektronik- und Solarindustrie sowie die Antriebstechnik. Im Gesch\u00e4ftsfeld der Logistikautomation wird die gesamte Logistikkette gestaltet und optimiert, indem Materialfl\u00fcsse automatisiert oder Sortier-, Kommissionier- und Lagerprozesse effizienter, schneller und zuverl\u00e4ssiger ausgerichtet werden. Das Gesch\u00e4ftsfeld Prozessautomation liefert Sensoren sowie ma\u00dfgeschneiderte Systeml\u00f6sungen und Dienstleistungen f\u00fcr die Analysen- und Prozessmesstechnik.<\/p>\n<\/div><div class=\"fusion-sep-clear\"><\/div><div class=\"fusion-separator fusion-full-width-sep\" style=\"margin-left: auto;margin-right: auto;margin-top:3%;width:100%;\"><\/div><div class=\"fusion-sep-clear\"><\/div><span class=\" fusion-imageframe imageframe-none imageframe-1 hover-type-none\"><img width=\"1200\" height=\"600\" title=\"Sick_Architektur_800\" src=\"https:\/\/www.sick-stiftung.org\/ges\/wp-content\/uploads\/2017\/05\/Sick_Architektur_800-e1505375826594.jpg\" class=\"img-responsive wp-image-2419\" srcset=\"https:\/\/www.sick-stiftung.org\/ges\/wp-content\/uploads\/2017\/05\/Sick_Architektur_800-e1505375826594-200x100.jpg 200w, https:\/\/www.sick-stiftung.org\/ges\/wp-content\/uploads\/2017\/05\/Sick_Architektur_800-e1505375826594-400x200.jpg 400w, https:\/\/www.sick-stiftung.org\/ges\/wp-content\/uploads\/2017\/05\/Sick_Architektur_800-e1505375826594-600x300.jpg 600w, https:\/\/www.sick-stiftung.org\/ges\/wp-content\/uploads\/2017\/05\/Sick_Architektur_800-e1505375826594-800x400.jpg 800w, https:\/\/www.sick-stiftung.org\/ges\/wp-content\/uploads\/2017\/05\/Sick_Architektur_800-e1505375826594.jpg 1200w\" sizes=\"(max-width: 800px) 100vw, 1200px\" \/><\/span><div class=\"fusion-clearfix\"><\/div><\/div><\/div><\/div><\/div><\/div><\/p>\n","protected":false},"excerpt":{"rendered":"","protected":false},"author":1,"featured_media":0,"parent":0,"menu_order":0,"comment_status":"closed","ping_status":"closed","template":"100-width.php","meta":[],"_links":{"self":[{"href":"https:\/\/www.sick-stiftung.org\/ges\/wp-json\/wp\/v2\/pages\/999"}],"collection":[{"href":"https:\/\/www.sick-stiftung.org\/ges\/wp-json\/wp\/v2\/pages"}],"about":[{"href":"https:\/\/www.sick-stiftung.org\/ges\/wp-json\/wp\/v2\/types\/page"}],"author":[{"embeddable":true,"href":"https:\/\/www.sick-stiftung.org\/ges\/wp-json\/wp\/v2\/users\/1"}],"replies":[{"embeddable":true,"href":"https:\/\/www.sick-stiftung.org\/ges\/wp-json\/wp\/v2\/comments?post=999"}],"version-history":[{"count":5,"href":"https:\/\/www.sick-stiftung.org\/ges\/wp-json\/wp\/v2\/pages\/999\/revisions"}],"predecessor-version":[{"id":4011,"href":"https:\/\/www.sick-stiftung.org\/ges\/wp-json\/wp\/v2\/pages\/999\/revisions\/4011"}],"wp:attachment":[{"href":"https:\/\/www.sick-stiftung.org\/ges\/wp-json\/wp\/v2\/media?parent=999"}],"curies":[{"name":"wp","href":"https:\/\/api.w.org\/{rel}","templated":true}]}}